{"id":25,"date":"2023-10-18T15:10:08","date_gmt":"2023-10-18T13:10:08","guid":{"rendered":"https:\/\/cansukdesign.fr\/?page_id=25"},"modified":"2025-08-25T18:26:09","modified_gmt":"2025-08-25T16:26:09","slug":"contact","status":"publish","type":"page","link":"https:\/\/cansukdesign.fr\/?page_id=25","title":{"rendered":"Contact"},"content":{"rendered":"\t\t<div data-elementor-type=\"wp-page\" data-elementor-id=\"25\" class=\"elementor elementor-25\" data-elementor-post-type=\"page\">\n\t\t\t\t<div class=\"elementor-element elementor-element-9f92fd8 e-con-full e-flex e-con e-parent\" data-id=\"9f92fd8\" data-element_type=\"container\">\n\t\t<div class=\"elementor-element elementor-element-be2ed4e e-con-full e-flex e-con e-child\" data-id=\"be2ed4e\" data-element_type=\"container\">\n\t\t\t\t<div class=\"elementor-element elementor-element-fdf42ee elementor-widget elementor-widget-heading\" data-id=\"fdf42ee\" data-element_type=\"widget\" data-widget_type=\"heading.default\">\n\t\t\t\t<div class=\"elementor-widget-container\">\n\t\t\t\t\t<h2 class=\"elementor-heading-title elementor-size-default\">Restons en contact<\/h2>\t\t\t\t<\/div>\n\t\t\t\t<\/div>\n\t\t\t\t<div class=\"elementor-element elementor-element-59f731f elementor-widget elementor-widget-heading\" data-id=\"59f731f\" data-element_type=\"widget\" data-widget_type=\"heading.default\">\n\t\t\t\t<div class=\"elementor-widget-container\">\n\t\t\t\t\t<h2 class=\"elementor-heading-title elementor-size-default\">Discutons ensemble de vos projets<\/h2>\t\t\t\t<\/div>\n\t\t\t\t<\/div>\n\t\t\t\t<div class=\"elementor-element elementor-element-438edeb elementor-widget elementor-widget-text-editor\" data-id=\"438edeb\" data-element_type=\"widget\" data-widget_type=\"text-editor.default\">\n\t\t\t\t<div class=\"elementor-widget-container\">\n\t\t\t\t\t\t\t\t\t<p>Je suis toujours ouverte \u00e0 de nouvelles opportunit\u00e9s en design, int\u00e9gration ou communication digitale. N\u2019h\u00e9sitez pas \u00e0 me contacter pour \u00e9changer, collaborer ou simplement en savoir plus sur mon travail.<\/p>\t\t\t\t\t\t\t\t<\/div>\n\t\t\t\t<\/div>\n\t\t<div class=\"elementor-element elementor-element-bc598ba e-con-full e-flex e-con e-child\" data-id=\"bc598ba\" data-element_type=\"container\">\n\t\t\t\t<div class=\"elementor-element elementor-element-e8c5bc8 elementor-position-left elementor-view-default elementor-mobile-position-top elementor-widget elementor-widget-icon-box\" data-id=\"e8c5bc8\" data-element_type=\"widget\" data-widget_type=\"icon-box.default\">\n\t\t\t\t<div class=\"elementor-widget-container\">\n\t\t\t\t\t\t\t<div class=\"elementor-icon-box-wrapper\">\n\n\t\t\t\t\t\t<div class=\"elementor-icon-box-icon\">\n\t\t\t\t<span  class=\"elementor-icon\">\n\t\t\t\t<svg xmlns=\"http:\/\/www.w3.org\/2000\/svg\" width=\"48\" height=\"48\" viewBox=\"0 0 48 48\" fill=\"none\"><rect width=\"48\" height=\"48\" rx=\"6\" fill=\"#00201E\"><\/rect><path d=\"M12.9805 12.958C17.918 8.01426 25.9238 8.01423 30.8613 12.958C32.7214 14.8205 33.8816 17.1207 34.3398 19.5273L34.3574 19.623L34.4365 19.6816C34.856 19.9919 35.2574 20.337 35.6367 20.7168C36.8933 21.975 38.0045 23.839 38.4902 25.9082C38.9787 27.9892 38.842 30.3231 37.5254 32.4443C37.4602 32.5494 37.4186 32.6171 37.3887 32.668L37.3379 32.7549L37.3613 32.8525C37.3712 32.894 37.3856 32.9497 37.4082 33.0371L37.417 33.0723C37.5691 33.6597 37.6927 34.1402 37.7656 34.5273C37.8393 34.9184 37.881 35.3061 37.8047 35.6816C37.5849 36.7623 36.7408 37.6078 35.6602 37.8281C35.2845 37.9047 34.8965 37.8628 34.5059 37.7891C34.1192 37.716 33.64 37.5916 33.0537 37.4395L33.0186 37.4307H33.0176C32.9314 37.4083 32.8762 37.3936 32.835 37.3838L32.7373 37.3613L32.6504 37.4121C32.5993 37.4421 32.5311 37.4837 32.4258 37.5488C30.2973 38.8658 27.94 38.9737 25.8564 38.4746C23.7842 37.9783 21.9238 36.8707 20.7119 35.6572C20.2992 35.244 19.9281 34.804 19.5977 34.3438L19.5449 34.2705L19.457 34.248L19.125 34.1553C18.3502 33.9238 17.5865 33.5874 16.8486 33.1309C16.7165 33.0491 16.63 32.9962 16.5645 32.958C16.533 32.9396 16.5133 32.9283 16.5029 32.9229L16.4893 32.916L16.4736 32.9102L16.4062 32.8877H16.3652C16.3555 32.8878 16.3437 32.8887 16.3291 32.8896L16.3145 32.8906L16.3008 32.8926C16.2912 32.8943 16.2754 32.898 16.252 32.9033C16.1945 32.9163 16.1191 32.9358 15.9961 32.9678L15.96 32.9766C15.243 33.1626 14.6654 33.3127 14.2012 33.4004C13.7329 33.4888 13.2882 33.5335 12.8652 33.4473C11.6203 33.1935 10.6478 32.2198 10.3945 30.9746C10.3086 30.5517 10.3532 30.1073 10.4414 29.6387C10.5289 29.1739 10.6793 28.5952 10.8652 27.877L10.874 27.8408C10.9059 27.7177 10.9255 27.6425 10.9385 27.585L10.9512 27.5215L10.9521 27.5078C10.9532 27.4915 10.9531 27.4781 10.9531 27.4678L10.9541 27.4287L10.9424 27.3916C10.9397 27.383 10.9354 27.3729 10.9307 27.3604L10.9258 27.3457L10.918 27.3311L10.8838 27.2705C10.8457 27.2053 10.7927 27.1191 10.7109 26.9873C9.14111 24.458 8.97561 21.6731 9.56055 19.1807C10.1429 16.6999 11.4762 14.4641 12.9805 12.958ZM33.1816 20.7441C29.6975 18.3879 24.9236 18.7552 21.8398 21.8428C18.7816 24.9049 18.3954 29.6317 20.6846 33.1133C21.0139 33.6141 21.3988 34.0897 21.8398 34.5312C22.8442 35.5368 24.4422 36.4982 26.2275 36.9258C28.0018 37.3507 29.9021 37.2374 31.5879 36.1943C31.6041 36.1843 31.621 36.1734 31.6377 36.1631C31.798 36.0634 31.9649 35.9605 32.1113 35.9023C32.3775 35.7968 32.6159 35.7611 32.9014 35.7832C33.0586 35.7954 33.2249 35.8386 33.375 35.8779C33.3894 35.8817 33.404 35.885 33.418 35.8887C34.0424 36.0507 34.4723 36.1614 34.8018 36.2236C35.134 36.2864 35.2748 36.2802 35.3418 36.2666C35.7952 36.1742 36.1505 35.8196 36.2432 35.3643C36.2569 35.2967 36.2628 35.1549 36.2002 34.8223C36.1381 34.4923 36.0271 34.0617 35.8652 33.4365C35.8616 33.4225 35.8583 33.408 35.8545 33.3936C35.8152 33.243 35.7719 33.0758 35.7598 32.918C35.738 32.6325 35.775 32.3931 35.8809 32.127C35.9394 31.98 36.042 31.813 36.1416 31.6533C36.1518 31.6369 36.162 31.6205 36.1719 31.6045C37.2206 29.9149 37.3527 28.0328 36.9395 26.2725C36.5236 24.5007 35.5637 22.8981 34.5098 21.8428C34.0946 21.4271 33.6496 21.0606 33.1816 20.7441ZM29.7344 14.084C25.4191 9.76326 18.4227 9.76326 14.1074 14.084C12.806 15.3871 11.6238 17.3607 11.1113 19.5439C10.6015 21.7158 10.7623 24.0495 12.0645 26.1475C12.0765 26.1669 12.0884 26.1866 12.1006 26.2061C12.2242 26.4044 12.3402 26.5923 12.4053 26.7559C12.5241 27.0549 12.5646 27.3197 12.54 27.6406C12.5266 27.816 12.4783 28.002 12.4297 28.1885C12.4252 28.2055 12.4204 28.2234 12.416 28.2402C12.2202 28.9968 12.0836 29.5261 12.0068 29.9336C11.9296 30.344 11.9327 30.5424 11.9561 30.6572C12.0822 31.2771 12.5658 31.7608 13.1836 31.8867C13.2978 31.91 13.4952 31.9124 13.9053 31.835C14.3123 31.7581 14.8408 31.6219 15.5967 31.4258C15.6135 31.4214 15.6305 31.4165 15.6475 31.4121C15.8336 31.3635 16.0194 31.3153 16.1943 31.3018C16.5151 31.2769 16.7781 31.317 17.0771 31.4355C17.2403 31.5002 17.4286 31.6164 17.6279 31.7402C17.6474 31.7523 17.6671 31.7644 17.6865 31.7764C17.7259 31.8007 17.7652 31.8251 17.8047 31.8486L18.3838 32.1934L18.1699 31.5537C16.9373 27.8728 17.7842 23.6483 20.7119 20.7168C23.7463 17.6786 28.1684 16.8777 31.9355 18.3135L32.4551 18.5107L32.2588 17.9912C31.7215 16.5666 30.8799 15.231 29.7344 14.084ZM24 27.041C24.6325 27.0411 25.1455 27.554 25.1455 28.1865C25.1453 28.8189 24.6324 29.332 24 29.332C23.3675 29.332 22.8547 28.8189 22.8545 28.1865C22.8545 27.554 23.3674 27.041 24 27.041ZM28.1855 27.041C28.8181 27.041 29.3311 27.554 29.3311 28.1865C29.3309 28.8189 28.818 29.332 28.1855 29.332C27.5533 29.3318 27.0412 28.8188 27.041 28.1865C27.041 27.5541 27.5532 27.0412 28.1855 27.041ZM32.3721 27.041C33.0046 27.041 33.5176 27.554 33.5176 28.1865C33.5174 28.8189 33.0045 29.332 32.3721 29.332C31.7396 29.332 31.2267 28.8189 31.2266 28.1865C31.2266 27.554 31.7395 27.041 32.3721 27.041Z\" fill=\"#ECF86E\" stroke=\"#ECF86E\" stroke-width=\"0.5\"><\/path><\/svg>\t\t\t\t<\/span>\n\t\t\t<\/div>\n\t\t\t\n\t\t\t\t\t\t<div class=\"elementor-icon-box-content\">\n\n\t\t\t\t\t\t\t\t\t<h3 class=\"elementor-icon-box-title\">\n\t\t\t\t\t\t<span  >\n\t\t\t\t\t\t\tParlons de vos projets\t\t\t\t\t\t<\/span>\n\t\t\t\t\t<\/h3>\n\t\t\t\t\n\t\t\t\t\t\t\t\t\t<p class=\"elementor-icon-box-description\">\n\t\t\t\t\t\tDisponible pour des missions en UX\/UI, int\u00e9gration CMS et communication digitale\t\t\t\t\t<\/p>\n\t\t\t\t\n\t\t\t<\/div>\n\t\t\t\n\t\t<\/div>\n\t\t\t\t\t\t<\/div>\n\t\t\t\t<\/div>\n\t\t\t\t<\/div>\n\t\t<div class=\"elementor-element elementor-element-135e6d6 e-con-full e-flex e-con e-child\" data-id=\"135e6d6\" data-element_type=\"container\">\n\t\t\t\t<div class=\"elementor-element elementor-element-7bb1874 elementor-position-left elementor-view-default elementor-mobile-position-top elementor-widget elementor-widget-icon-box\" data-id=\"7bb1874\" data-element_type=\"widget\" data-widget_type=\"icon-box.default\">\n\t\t\t\t<div class=\"elementor-widget-container\">\n\t\t\t\t\t\t\t<div class=\"elementor-icon-box-wrapper\">\n\n\t\t\t\t\t\t<div class=\"elementor-icon-box-icon\">\n\t\t\t\t<span  class=\"elementor-icon\">\n\t\t\t\t<svg xmlns=\"http:\/\/www.w3.org\/2000\/svg\" width=\"48\" height=\"48\" viewBox=\"0 0 48 48\" fill=\"none\"><rect width=\"48\" height=\"48\" rx=\"6\" fill=\"#00201E\"><\/rect><path fill-rule=\"evenodd\" clip-rule=\"evenodd\" d=\"M24.6212 10C17.0984 10 11 16.0984 11 23.6212V24.1174C11 30.413 15.5023 35.8078 21.6964 36.934C24.4335 37.4316 26.8243 35.0408 26.3267 32.3037L25.816 29.4949C25.3131 26.7291 27.7291 24.3131 30.4949 24.816L33.3037 25.3267C36.0408 25.8243 38.4316 23.4335 37.934 20.6964C36.8078 14.5023 31.413 10 25.1174 10H24.6212ZM12.9346 23.6212C12.9346 17.1669 18.1669 11.9346 24.6212 11.9346H25.1174C30.4781 11.9346 35.0717 15.7683 36.0306 21.0425C36.2865 22.4498 35.0572 23.6792 33.6498 23.4233L30.841 22.9126C26.7454 22.168 23.168 25.7454 23.9126 29.841L24.4233 32.6498C24.6792 34.0572 23.4498 35.2865 22.0425 35.0306C16.7683 34.0717 12.9346 29.4781 12.9346 24.1174V23.6212Z\" fill=\"#ECF86E\"><\/path><path d=\"M27.4437 18.7055C27.4437 19.4178 26.8663 19.9952 26.154 19.9952C25.4417 19.9952 24.8643 19.4178 24.8643 18.7055C24.8643 17.9932 25.4417 17.4158 26.154 17.4158C26.8663 17.4158 27.4437 17.9932 27.4437 18.7055Z\" fill=\"#FF7700\"><\/path><path d=\"M22.2849 17.4158C22.2849 18.1281 21.7075 18.7055 20.9952 18.7055C20.2829 18.7055 19.7055 18.1281 19.7055 17.4158C19.7055 16.7035 20.2829 16.1261 20.9952 16.1261C21.7075 16.1261 22.2849 16.7035 22.2849 17.4158Z\" fill=\"#008CFF\"><\/path><path d=\"M19.7055 21.2849C19.7055 21.9972 19.1281 22.5746 18.4158 22.5746C17.7035 22.5746 17.1261 21.9972 17.1261 21.2849C17.1261 20.5726 17.7035 19.9952 18.4158 19.9952C19.1281 19.9952 19.7055 20.5726 19.7055 21.2849Z\" fill=\"#FF5E5E\"><\/path><path d=\"M20.9952 26.4437C20.9952 27.156 20.4178 27.7334 19.7055 27.7334C18.9932 27.7334 18.4158 27.156 18.4158 26.4437C18.4158 25.7314 18.9932 25.154 19.7055 25.154C20.4178 25.154 20.9952 25.7314 20.9952 26.4437Z\" fill=\"#00FEAD\"><\/path><\/svg>\t\t\t\t<\/span>\n\t\t\t<\/div>\n\t\t\t\n\t\t\t\t\t\t<div class=\"elementor-icon-box-content\">\n\n\t\t\t\t\t\t\t\t\t<h3 class=\"elementor-icon-box-title\">\n\t\t\t\t\t\t<span  >\n\t\t\t\t\t\t\tUne approche cr\u00e9ative et strat\u00e9gique\t\t\t\t\t\t<\/span>\n\t\t\t\t\t<\/h3>\n\t\t\t\t\n\t\t\t\t\t\t\t\t\t<p class=\"elementor-icon-box-description\">\n\t\t\t\t\t\tGraphisme, exp\u00e9rience utilisateur et r\u00e9seaux sociaux, je combine cr\u00e9ativit\u00e9 et performance.\t\t\t\t\t<\/p>\n\t\t\t\t\n\t\t\t<\/div>\n\t\t\t\n\t\t<\/div>\n\t\t\t\t\t\t<\/div>\n\t\t\t\t<\/div>\n\t\t\t\t<\/div>\n\t\t<div class=\"elementor-element elementor-element-4ad2110 e-con-full e-flex e-con e-child\" data-id=\"4ad2110\" data-element_type=\"container\">\n\t\t\t\t<div class=\"elementor-element elementor-element-7b9f269 elementor-position-left elementor-view-default elementor-mobile-position-top elementor-widget elementor-widget-icon-box\" data-id=\"7b9f269\" data-element_type=\"widget\" data-widget_type=\"icon-box.default\">\n\t\t\t\t<div class=\"elementor-widget-container\">\n\t\t\t\t\t\t\t<div class=\"elementor-icon-box-wrapper\">\n\n\t\t\t\t\t\t<div class=\"elementor-icon-box-icon\">\n\t\t\t\t<span  class=\"elementor-icon\">\n\t\t\t\t<svg xmlns=\"http:\/\/www.w3.org\/2000\/svg\" width=\"48\" height=\"48\" viewBox=\"0 0 48 48\" fill=\"none\"><rect width=\"48\" height=\"48\" rx=\"6\" fill=\"#00201E\"><\/rect><path fill-rule=\"evenodd\" clip-rule=\"evenodd\" d=\"M24.4896 37.75C22.3159 37.75 20.3717 36.7675 19.0768 35.2224C18.2589 36.7279 16.6637 37.75 14.8299 37.75C12.1624 37.75 10 35.5876 10 32.9201V21.0313C10 18.3638 12.1624 16.2014 14.8299 16.2014C16.6761 16.2014 18.2804 17.2373 19.0932 18.7595C19.226 18.5411 19.369 18.3087 19.5232 18.0582L22.9094 12.5558C23.5043 11.5889 24.5583 11 25.6935 11C27.6971 11 29.2293 12.7859 28.9246 14.7662L28.5634 17.1139C28.2766 18.9783 29.7191 20.6597 31.6054 20.6597H32.6305C37.2293 20.6597 40.2204 25.4994 38.1637 29.6127L36.4569 33.0264C35.0094 35.9213 32.0506 37.75 28.8139 37.75H24.4896ZM24.8078 13.7241C24.9971 13.4165 25.3324 13.2292 25.6935 13.2292C26.3309 13.2292 26.8183 13.7973 26.7214 14.4272L26.3602 16.775C25.8656 19.9897 28.3529 22.8889 31.6054 22.8889H32.6305C35.5722 22.8889 37.4855 25.9847 36.1699 28.6158L34.4631 32.0294C33.3932 34.1692 31.2062 35.5208 28.8139 35.5208H24.4896C21.8221 35.5208 19.6597 33.3584 19.6597 30.691V25.5878C19.6597 23.8408 19.6661 23.138 19.8179 22.4726C19.8662 22.2611 19.9253 22.0521 19.9951 21.8467C20.2146 21.2004 20.5774 20.5985 21.493 19.1107L24.8078 13.7241ZM14.8299 18.4306C16.2662 18.4306 17.4306 19.5949 17.4306 21.0313V32.9201C17.4306 34.3565 16.2662 35.5208 14.8299 35.5208C13.3935 35.5208 12.2292 34.3565 12.2292 32.9201V21.0313C12.2292 19.5949 13.3935 18.4306 14.8299 18.4306Z\" fill=\"#ECF86E\"><\/path><\/svg>\t\t\t\t<\/span>\n\t\t\t<\/div>\n\t\t\t\n\t\t\t\t\t\t<div class=\"elementor-icon-box-content\">\n\n\t\t\t\t\t\t\t\t\t<h3 class=\"elementor-icon-box-title\">\n\t\t\t\t\t\t<span  >\n\t\t\t\t\t\t\tDonnez de l\u2019\u00e9lan \u00e0 vos id\u00e9es\t\t\t\t\t\t<\/span>\n\t\t\t\t\t<\/h3>\n\t\t\t\t\n\t\t\t\t\t\t\t\t\t<p class=\"elementor-icon-box-description\">\n\t\t\t\t\t\tMon objectif est de proposer des solutions digitales pour r\u00e9pondre \u00e0 vos besoins.\t\t\t\t\t<\/p>\n\t\t\t\t\n\t\t\t<\/div>\n\t\t\t\n\t\t<\/div>\n\t\t\t\t\t\t<\/div>\n\t\t\t\t<\/div>\n\t\t\t\t<\/div>\n\t\t\t\t<\/div>\n\t\t<div class=\"elementor-element elementor-element-b287684 e-con-full e-flex e-con e-child\" data-id=\"b287684\" data-element_type=\"container\" data-settings=\"{&quot;background_background&quot;:&quot;classic&quot;}\">\n\t\t\t\t<div class=\"elementor-element elementor-element-04fb67f elementor-widget elementor-widget-heading\" data-id=\"04fb67f\" data-element_type=\"widget\" data-widget_type=\"heading.default\">\n\t\t\t\t<div class=\"elementor-widget-container\">\n\t\t\t\t\t<h2 class=\"elementor-heading-title elementor-size-default\">Contactez-moi!<\/h2>\t\t\t\t<\/div>\n\t\t\t\t<\/div>\n\t\t\t\t<div class=\"elementor-element elementor-element-f2be0e8 elementor-button-align-center elementor-widget elementor-widget-form\" data-id=\"f2be0e8\" data-element_type=\"widget\" data-settings=\"{&quot;step_next_label&quot;:&quot;Next&quot;,&quot;step_previous_label&quot;:&quot;Previous&quot;,&quot;button_width&quot;:&quot;100&quot;,&quot;step_type&quot;:&quot;number_text&quot;,&quot;step_icon_shape&quot;:&quot;circle&quot;}\" data-widget_type=\"form.default\">\n\t\t\t\t<div class=\"elementor-widget-container\">\n\t\t\t\t\t\t\t<form class=\"elementor-form\" method=\"post\" name=\"Formulaire\" aria-label=\"Formulaire\">\n\t\t\t<input type=\"hidden\" name=\"post_id\" value=\"25\"\/>\n\t\t\t<input type=\"hidden\" name=\"form_id\" value=\"f2be0e8\"\/>\n\t\t\t<input type=\"hidden\" name=\"referer_title\" value=\"\" \/>\n\n\t\t\t\n\t\t\t<div class=\"elementor-form-fields-wrapper elementor-labels-above\">\n\t\t\t\t\t\t\t\t<div class=\"elementor-field-type-text elementor-field-group elementor-column elementor-field-group-name elementor-col-50 elementor-field-required\">\n\t\t\t\t\t\t\t\t\t\t\t\t<label for=\"form-field-name\" class=\"elementor-field-label\">\n\t\t\t\t\t\t\t\tNom\t\t\t\t\t\t\t<\/label>\n\t\t\t\t\t\t\t\t\t\t\t\t\t\t<input size=\"1\" type=\"text\" name=\"form_fields[name]\" id=\"form-field-name\" class=\"elementor-field elementor-size-md  elementor-field-textual\" placeholder=\"Nom...\" required=\"required\">\n\t\t\t\t\t\t\t\t\t\t\t<\/div>\n\t\t\t\t\t\t\t\t<div class=\"elementor-field-type-text elementor-field-group elementor-column elementor-field-group-field_6949bd2 elementor-col-50 elementor-field-required\">\n\t\t\t\t\t\t\t\t\t\t\t\t<label for=\"form-field-field_6949bd2\" class=\"elementor-field-label\">\n\t\t\t\t\t\t\t\tPr\u00e9nom\t\t\t\t\t\t\t<\/label>\n\t\t\t\t\t\t\t\t\t\t\t\t\t\t<input size=\"1\" type=\"text\" name=\"form_fields[field_6949bd2]\" id=\"form-field-field_6949bd2\" class=\"elementor-field elementor-size-md  elementor-field-textual\" placeholder=\"Pr\u00e9nom...\" required=\"required\">\n\t\t\t\t\t\t\t\t\t\t\t<\/div>\n\t\t\t\t\t\t\t\t<div class=\"elementor-field-type-email elementor-field-group elementor-column elementor-field-group-email elementor-col-100 elementor-field-required\">\n\t\t\t\t\t\t\t\t\t\t\t\t<label for=\"form-field-email\" class=\"elementor-field-label\">\n\t\t\t\t\t\t\t\tEmail\t\t\t\t\t\t\t<\/label>\n\t\t\t\t\t\t\t\t\t\t\t\t\t\t<input size=\"1\" type=\"email\" name=\"form_fields[email]\" id=\"form-field-email\" class=\"elementor-field elementor-size-md  elementor-field-textual\" placeholder=\"Email\" required=\"required\">\n\t\t\t\t\t\t\t\t\t\t\t<\/div>\n\t\t\t\t\t\t\t\t<div class=\"elementor-field-type-textarea elementor-field-group elementor-column elementor-field-group-message elementor-col-100\">\n\t\t\t\t\t\t\t\t\t\t\t\t<label for=\"form-field-message\" class=\"elementor-field-label\">\n\t\t\t\t\t\t\t\tMessage\t\t\t\t\t\t\t<\/label>\n\t\t\t\t\t\t<textarea class=\"elementor-field-textual elementor-field  elementor-size-md\" name=\"form_fields[message]\" id=\"form-field-message\" rows=\"4\" placeholder=\"Message\"><\/textarea>\t\t\t\t<\/div>\n\t\t\t\t\t\t\t\t<div class=\"elementor-field-group elementor-column elementor-field-type-submit elementor-col-100 e-form__buttons\">\n\t\t\t\t\t<button class=\"elementor-button elementor-size-md elementor-animation-shrink\" type=\"submit\">\n\t\t\t\t\t\t<span class=\"elementor-button-content-wrapper\">\n\t\t\t\t\t\t\t\t\t\t\t\t\t\t\t\t\t\t\t\t\t\t<span class=\"elementor-button-text\">Envoyer<\/span>\n\t\t\t\t\t\t\t\t\t\t\t\t\t<\/span>\n\t\t\t\t\t<\/button>\n\t\t\t\t<\/div>\n\t\t\t<\/div>\n\t\t<\/form>\n\t\t\t\t\t\t<\/div>\n\t\t\t\t<\/div>\n\t\t\t\t<\/div>\n\t\t\t\t<\/div>\n\t\t<div class=\"elementor-element elementor-element-10c234b e-con-full e-flex e-con e-parent\" data-id=\"10c234b\" data-element_type=\"container\">\n\t\t<div class=\"elementor-element elementor-element-f829b0a e-con-full e-flex e-con e-child\" data-id=\"f829b0a\" data-element_type=\"container\" data-settings=\"{&quot;background_background&quot;:&quot;classic&quot;}\">\n\t\t<div class=\"elementor-element elementor-element-70ad833 e-con-full e-flex e-con e-child\" data-id=\"70ad833\" data-element_type=\"container\">\n\t\t\t\t<div class=\"elementor-element elementor-element-2b17774 elementor-widget elementor-widget-heading\" data-id=\"2b17774\" data-element_type=\"widget\" data-widget_type=\"heading.default\">\n\t\t\t\t<div class=\"elementor-widget-container\">\n\t\t\t\t\t<h2 class=\"elementor-heading-title elementor-size-default\">CV<\/h2>\t\t\t\t<\/div>\n\t\t\t\t<\/div>\n\t\t\t\t<div class=\"elementor-element elementor-element-08c62ca elementor-widget elementor-widget-heading\" data-id=\"08c62ca\" data-element_type=\"widget\" data-widget_type=\"heading.default\">\n\t\t\t\t<div class=\"elementor-widget-container\">\n\t\t\t\t\t<h2 class=\"elementor-heading-title elementor-size-default\">Vous souhaitez mieux me conna\u00eetre ? Consultez mon CV.<\/h2>\t\t\t\t<\/div>\n\t\t\t\t<\/div>\n\t\t\t\t<div class=\"elementor-element elementor-element-470df8c elementor-align-left elementor-mobile-align-center elementor-widget elementor-widget-button\" data-id=\"470df8c\" data-element_type=\"widget\" data-widget_type=\"button.default\">\n\t\t\t\t<div class=\"elementor-widget-container\">\n\t\t\t\t\t\t\t\t\t<div class=\"elementor-button-wrapper\">\n\t\t\t\t\t<a class=\"elementor-button elementor-button-link elementor-size-sm elementor-animation-shrink\" href=\"http:\/\/cansukdesign.fr\/wp-content\/uploads\/2025\/08\/CV_CK.pdf\" target=\"_blank\">\n\t\t\t\t\t\t<span class=\"elementor-button-content-wrapper\">\n\t\t\t\t\t\t<span class=\"elementor-button-icon\">\n\t\t\t\t<svg xmlns=\"http:\/\/www.w3.org\/2000\/svg\" width=\"19\" height=\"14\" viewBox=\"0 0 19 14\" fill=\"none\"><path d=\"M11.625 13L18 7M18 7L11.625 1M18 7H1\" stroke=\"#00201E\" stroke-width=\"2\" stroke-linecap=\"round\" stroke-linejoin=\"round\"><\/path><\/svg>\t\t\t<\/span>\n\t\t\t\t\t\t\t\t\t<span class=\"elementor-button-text\">T\u00e9l\u00e9charger<\/span>\n\t\t\t\t\t<\/span>\n\t\t\t\t\t<\/a>\n\t\t\t\t<\/div>\n\t\t\t\t\t\t\t\t<\/div>\n\t\t\t\t<\/div>\n\t\t\t\t<\/div>\n\t\t<div class=\"elementor-element elementor-element-83aeed9 e-con-full elementor-hidden-mobile e-flex e-con e-child\" data-id=\"83aeed9\" data-element_type=\"container\">\n\t\t\t\t<div class=\"elementor-element elementor-element-e9f10e5 elementor-widget elementor-widget-image\" data-id=\"e9f10e5\" data-element_type=\"widget\" data-widget_type=\"image.default\">\n\t\t\t\t<div class=\"elementor-widget-container\">\n\t\t\t\t\t\t\t\t\t\t\t\t\t\t\t<img fetchpriority=\"high\" decoding=\"async\" width=\"3001\" height=\"2251\" src=\"https:\/\/cansukdesign.fr\/wp-content\/uploads\/2025\/08\/MacBook-Air-15-inch.svg\" class=\"attachment-full size-full wp-image-655\" alt=\"\" \/>\t\t\t\t\t\t\t\t\t\t\t\t\t\t\t<\/div>\n\t\t\t\t<\/div>\n\t\t\t\t<\/div>\n\t\t\t\t<\/div>\n\t\t\t\t<\/div>\n\t\t\t\t<\/div>\n\t\t","protected":false},"excerpt":{"rendered":"<p>Restons en contact Discutons ensemble de vos projets Je suis toujours ouverte \u00e0 de nouvelles opportunit\u00e9s en design, int\u00e9gration ou communication digitale. N\u2019h\u00e9sitez pas \u00e0 me contacter pour \u00e9changer, collaborer ou simplement en savoir plus sur mon travail. Parlons de vos projets Disponible pour des missions en UX\/UI, int\u00e9gration CMS et communication digitale Une approche &hellip;<\/p>\n<p class=\"read-more\"> <a class=\"\" href=\"https:\/\/cansukdesign.fr\/?page_id=25\"> <span class=\"screen-reader-text\">Contact<\/span> Lire la suite\u00a0\u00bb<\/a><\/p>\n","protected":false},"author":1,"featured_media":0,"parent":0,"menu_order":0,"comment_status":"closed","ping_status":"closed","template":"","meta":{"_uag_custom_page_level_css":"","site-sidebar-layout":"no-sidebar","site-content-layout":"","ast-site-content-layout":"full-width-container","site-content-style":"default","site-sidebar-style":"default","ast-global-header-display":"","ast-banner-title-visibility":"","ast-main-header-display":"","ast-hfb-above-header-display":"","ast-hfb-below-header-display":"","ast-hfb-mobile-header-display":"","site-post-title":"disabled","ast-breadcrumbs-content":"","ast-featured-img":"disabled","footer-sml-layout":"","theme-transparent-header-meta":"","adv-header-id-meta":"","stick-header-meta":"","header-above-stick-meta":"","header-main-stick-meta":"","header-below-stick-meta":"","astra-migrate-meta-layouts":"","footnotes":""},"class_list":["post-25","page","type-page","status-publish","hentry"],"uagb_featured_image_src":{"full":false,"thumbnail":false,"medium":false,"medium_large":false,"large":false,"1536x1536":false,"2048x2048":false},"uagb_author_info":{"display_name":"cansukdesign.fr","author_link":"https:\/\/cansukdesign.fr\/?author=1"},"uagb_comment_info":0,"uagb_excerpt":"Restons en contact Discutons ensemble de vos projets Je suis toujours ouverte \u00e0 de nouvelles opportunit\u00e9s en design, int\u00e9gration ou communication digitale. N\u2019h\u00e9sitez pas \u00e0 me contacter pour \u00e9changer, collaborer ou simplement en savoir plus sur mon travail. Parlons de vos projets Disponible pour des missions en UX\/UI, int\u00e9gration CMS et communication digitale Une approche\u2026","_links":{"self":[{"href":"https:\/\/cansukdesign.fr\/index.php?rest_route=\/wp\/v2\/pages\/25","targetHints":{"allow":["GET"]}}],"collection":[{"href":"https:\/\/cansukdesign.fr\/index.php?rest_route=\/wp\/v2\/pages"}],"about":[{"href":"https:\/\/cansukdesign.fr\/index.php?rest_route=\/wp\/v2\/types\/page"}],"author":[{"embeddable":true,"href":"https:\/\/cansukdesign.fr\/index.php?rest_route=\/wp\/v2\/users\/1"}],"replies":[{"embeddable":true,"href":"https:\/\/cansukdesign.fr\/index.php?rest_route=%2Fwp%2Fv2%2Fcomments&post=25"}],"version-history":[{"count":64,"href":"https:\/\/cansukdesign.fr\/index.php?rest_route=\/wp\/v2\/pages\/25\/revisions"}],"predecessor-version":[{"id":1189,"href":"https:\/\/cansukdesign.fr\/index.php?rest_route=\/wp\/v2\/pages\/25\/revisions\/1189"}],"wp:attachment":[{"href":"https:\/\/cansukdesign.fr\/index.php?rest_route=%2Fwp%2Fv2%2Fmedia&parent=25"}],"curies":[{"name":"wp","href":"https:\/\/api.w.org\/{rel}","templated":true}]}}