{"id":15,"date":"2023-10-18T12:58:28","date_gmt":"2023-10-18T10:58:28","guid":{"rendered":"https:\/\/cansukdesign.fr\/?page_id=15"},"modified":"2025-08-27T11:48:03","modified_gmt":"2025-08-27T09:48:03","slug":"maquette","status":"publish","type":"page","link":"https:\/\/cansukdesign.fr\/?page_id=15","title":{"rendered":"Maquette"},"content":{"rendered":"\t\t<div data-elementor-type=\"wp-page\" data-elementor-id=\"15\" class=\"elementor elementor-15\" data-elementor-post-type=\"page\">\n\t\t\t\t<div class=\"elementor-element elementor-element-cb35d30 e-con-full e-flex e-con e-parent\" data-id=\"cb35d30\" data-element_type=\"container\">\n\t\t<div class=\"elementor-element elementor-element-4f172f6 e-con-full e-flex e-con e-child\" data-id=\"4f172f6\" data-element_type=\"container\">\n\t\t<div class=\"elementor-element elementor-element-bdc91a7 e-con-full e-flex e-con e-child\" data-id=\"bdc91a7\" data-element_type=\"container\">\n\t\t\t\t<div class=\"elementor-element elementor-element-eb598e3 elementor-widget elementor-widget-heading\" data-id=\"eb598e3\" data-element_type=\"widget\" data-widget_type=\"heading.default\">\n\t\t\t\t<div class=\"elementor-widget-container\">\n\t\t\t\t\t<h2 class=\"elementor-heading-title elementor-size-default\">Maquettes<\/h2>\t\t\t\t<\/div>\n\t\t\t\t<\/div>\n\t\t\t\t<div class=\"elementor-element elementor-element-5838e41 elementor-widget elementor-widget-heading\" data-id=\"5838e41\" data-element_type=\"widget\" data-widget_type=\"heading.default\">\n\t\t\t\t<div class=\"elementor-widget-container\">\n\t\t\t\t\t<h2 class=\"elementor-heading-title elementor-size-default\">De la vision \u00e0 la navigation<\/h2>\t\t\t\t<\/div>\n\t\t\t\t<\/div>\n\t\t\t\t<\/div>\n\t\t\t\t<\/div>\n\t\t\t\t<\/div>\n\t\t<div class=\"elementor-element elementor-element-ffa7f6f e-con-full e-flex e-con e-parent\" data-id=\"ffa7f6f\" data-element_type=\"container\">\n\t\t\t\t<div class=\"elementor-element elementor-element-e60c2ab elementor-grid-tablet-1 elementor-grid-1 elementor-posts--thumbnail-left maquettes elementor-grid-mobile-1 elementor-widget elementor-widget-posts\" data-id=\"e60c2ab\" data-element_type=\"widget\" data-settings=\"{&quot;classic_row_gap&quot;:{&quot;unit&quot;:&quot;px&quot;,&quot;size&quot;:71,&quot;sizes&quot;:[]},&quot;classic_columns_tablet&quot;:&quot;1&quot;,&quot;classic_columns&quot;:&quot;1&quot;,&quot;pagination_type&quot;:&quot;load_more_infinite_scroll&quot;,&quot;classic_columns_mobile&quot;:&quot;1&quot;,&quot;classic_row_gap_tablet&quot;:{&quot;unit&quot;:&quot;px&quot;,&quot;size&quot;:&quot;&quot;,&quot;sizes&quot;:[]},&quot;classic_row_gap_mobile&quot;:{&quot;unit&quot;:&quot;px&quot;,&quot;size&quot;:&quot;&quot;,&quot;sizes&quot;:[]},&quot;load_more_spinner&quot;:{&quot;value&quot;:&quot;fas fa-spinner&quot;,&quot;library&quot;:&quot;fa-solid&quot;}}\" data-widget_type=\"posts.classic\">\n\t\t\t\t<div class=\"elementor-widget-container\">\n\t\t\t\t\t\t\t<div class=\"elementor-posts-container elementor-posts elementor-posts--skin-classic elementor-grid\" role=\"list\">\n\t\t\t\t<article class=\"elementor-post elementor-grid-item post-1149 post type-post status-publish format-standard has-post-thumbnail hentry category-blog\" role=\"listitem\">\n\t\t\t\t<a class=\"elementor-post__thumbnail__link\" href=\"https:\/\/cansukdesign.fr\/?p=1149\" tabindex=\"-1\" target=&quot;_blank&quot;>\n\t\t\t<div class=\"elementor-post__thumbnail\"><img fetchpriority=\"high\" decoding=\"async\" width=\"2560\" height=\"1920\" src=\"https:\/\/cansukdesign.fr\/wp-content\/uploads\/2025\/08\/Mockup-Scene-5-scaled.jpg\" class=\"attachment-full size-full wp-image-1150\" alt=\"\" srcset=\"https:\/\/cansukdesign.fr\/wp-content\/uploads\/2025\/08\/Mockup-Scene-5-scaled.jpg 2560w, https:\/\/cansukdesign.fr\/wp-content\/uploads\/2025\/08\/Mockup-Scene-5-300x225.jpg 300w, https:\/\/cansukdesign.fr\/wp-content\/uploads\/2025\/08\/Mockup-Scene-5-1024x768.jpg 1024w, https:\/\/cansukdesign.fr\/wp-content\/uploads\/2025\/08\/Mockup-Scene-5-768x576.jpg 768w, https:\/\/cansukdesign.fr\/wp-content\/uploads\/2025\/08\/Mockup-Scene-5-1536x1152.jpg 1536w, https:\/\/cansukdesign.fr\/wp-content\/uploads\/2025\/08\/Mockup-Scene-5-2048x1536.jpg 2048w\" sizes=\"(max-width: 2560px) 100vw, 2560px\" \/><\/div>\n\t\t<\/a>\n\t\t\t\t<div class=\"elementor-post__text\">\n\t\t\t\t<h3 class=\"elementor-post__title\">\n\t\t\t<a href=\"https:\/\/cansukdesign.fr\/?p=1149\" target=&quot;_blank&quot;>\n\t\t\t\tLovastra\t\t\t<\/a>\n\t\t<\/h3>\n\t\t\t\t<div class=\"elementor-post__excerpt\">\n\t\t\t<p>Ce projet pr\u00e9sente la maquette d\u2019un site e-commerce d\u00e9di\u00e9 \u00e0 la vente de bijoux modernes et&#8230;<\/p>\n\t\t<\/div>\n\t\t\n\t\t<a class=\"elementor-post__read-more\" href=\"https:\/\/cansukdesign.fr\/?p=1149\" aria-label=\"En savoir plus sur Lovastra\" tabindex=\"-1\" target=\"_blank\">\n\t\t\tD\u00e9couvrir  \t\t<\/a>\n\n\t\t\t\t<\/div>\n\t\t\t\t<\/article>\n\t\t\t\t<article class=\"elementor-post elementor-grid-item post-1106 post type-post status-publish format-standard has-post-thumbnail hentry category-blog\" role=\"listitem\">\n\t\t\t\t<a class=\"elementor-post__thumbnail__link\" href=\"https:\/\/cansukdesign.fr\/?p=1106\" tabindex=\"-1\" target=&quot;_blank&quot;>\n\t\t\t<div class=\"elementor-post__thumbnail\"><img decoding=\"async\" width=\"2560\" height=\"1920\" src=\"https:\/\/cansukdesign.fr\/wp-content\/uploads\/2025\/08\/Mockup-17-scaled.jpg\" class=\"attachment-full size-full wp-image-1109\" alt=\"\" srcset=\"https:\/\/cansukdesign.fr\/wp-content\/uploads\/2025\/08\/Mockup-17-scaled.jpg 2560w, https:\/\/cansukdesign.fr\/wp-content\/uploads\/2025\/08\/Mockup-17-300x225.jpg 300w, https:\/\/cansukdesign.fr\/wp-content\/uploads\/2025\/08\/Mockup-17-1024x768.jpg 1024w, https:\/\/cansukdesign.fr\/wp-content\/uploads\/2025\/08\/Mockup-17-768x576.jpg 768w, https:\/\/cansukdesign.fr\/wp-content\/uploads\/2025\/08\/Mockup-17-1536x1152.jpg 1536w, https:\/\/cansukdesign.fr\/wp-content\/uploads\/2025\/08\/Mockup-17-2048x1536.jpg 2048w\" sizes=\"(max-width: 2560px) 100vw, 2560px\" \/><\/div>\n\t\t<\/a>\n\t\t\t\t<div class=\"elementor-post__text\">\n\t\t\t\t<h3 class=\"elementor-post__title\">\n\t\t\t<a href=\"https:\/\/cansukdesign.fr\/?p=1106\" target=&quot;_blank&quot;>\n\t\t\t\tConseil financier &#8211; exemple de maquette\t\t\t<\/a>\n\t\t<\/h3>\n\t\t\t\t<div class=\"elementor-post__excerpt\">\n\t\t\t<p>Cette maquette propose la vision d\u2019une plateforme de conseil financier fictive, o\u00f9 la clart\u00e9 et&#8230;<\/p>\n\t\t<\/div>\n\t\t\n\t\t<a class=\"elementor-post__read-more\" href=\"https:\/\/cansukdesign.fr\/?p=1106\" aria-label=\"En savoir plus sur Conseil financier &#8211; exemple de maquette\" tabindex=\"-1\" target=\"_blank\">\n\t\t\tD\u00e9couvrir  \t\t<\/a>\n\n\t\t\t\t<\/div>\n\t\t\t\t<\/article>\n\t\t\t\t<article class=\"elementor-post elementor-grid-item post-1094 post type-post status-publish format-standard has-post-thumbnail hentry category-blog\" role=\"listitem\">\n\t\t\t\t<a class=\"elementor-post__thumbnail__link\" href=\"https:\/\/cansukdesign.fr\/?p=1094\" tabindex=\"-1\" target=&quot;_blank&quot;>\n\t\t\t<div class=\"elementor-post__thumbnail\"><img decoding=\"async\" width=\"2560\" height=\"1920\" src=\"https:\/\/cansukdesign.fr\/wp-content\/uploads\/2025\/08\/MacBook-Air-2022-scaled.jpg\" class=\"attachment-full size-full wp-image-1098\" alt=\"\" srcset=\"https:\/\/cansukdesign.fr\/wp-content\/uploads\/2025\/08\/MacBook-Air-2022-scaled.jpg 2560w, https:\/\/cansukdesign.fr\/wp-content\/uploads\/2025\/08\/MacBook-Air-2022-300x225.jpg 300w, https:\/\/cansukdesign.fr\/wp-content\/uploads\/2025\/08\/MacBook-Air-2022-1024x768.jpg 1024w, https:\/\/cansukdesign.fr\/wp-content\/uploads\/2025\/08\/MacBook-Air-2022-768x576.jpg 768w, https:\/\/cansukdesign.fr\/wp-content\/uploads\/2025\/08\/MacBook-Air-2022-1536x1152.jpg 1536w, https:\/\/cansukdesign.fr\/wp-content\/uploads\/2025\/08\/MacBook-Air-2022-2048x1536.jpg 2048w\" sizes=\"(max-width: 2560px) 100vw, 2560px\" \/><\/div>\n\t\t<\/a>\n\t\t\t\t<div class=\"elementor-post__text\">\n\t\t\t\t<h3 class=\"elementor-post__title\">\n\t\t\t<a href=\"https:\/\/cansukdesign.fr\/?p=1094\" target=&quot;_blank&quot;>\n\t\t\t\tVibeReserve\t\t\t<\/a>\n\t\t<\/h3>\n\t\t\t\t<div class=\"elementor-post__excerpt\">\n\t\t\t<p>Cette maquette illustre l\u2019interface d\u2019un site de billetterie en ligne permettant de rechercher, acheter et revendre facilement des billets pour concerts&#8230;<\/p>\n\t\t<\/div>\n\t\t\n\t\t<a class=\"elementor-post__read-more\" href=\"https:\/\/cansukdesign.fr\/?p=1094\" aria-label=\"En savoir plus sur VibeReserve\" tabindex=\"-1\" target=\"_blank\">\n\t\t\tD\u00e9couvrir  \t\t<\/a>\n\n\t\t\t\t<\/div>\n\t\t\t\t<\/article>\n\t\t\t\t<article class=\"elementor-post elementor-grid-item post-539 post type-post status-publish format-standard has-post-thumbnail hentry category-blog\" role=\"listitem\">\n\t\t\t\t<a class=\"elementor-post__thumbnail__link\" href=\"https:\/\/cansukdesign.fr\/?p=539\" tabindex=\"-1\" target=&quot;_blank&quot;>\n\t\t\t<div class=\"elementor-post__thumbnail\"><img loading=\"lazy\" decoding=\"async\" width=\"2560\" height=\"1920\" src=\"https:\/\/cansukdesign.fr\/wp-content\/uploads\/2024\/05\/iPhone-16-Pro-scaled.jpg\" class=\"attachment-full size-full wp-image-1039\" alt=\"\" srcset=\"https:\/\/cansukdesign.fr\/wp-content\/uploads\/2024\/05\/iPhone-16-Pro-scaled.jpg 2560w, https:\/\/cansukdesign.fr\/wp-content\/uploads\/2024\/05\/iPhone-16-Pro-300x225.jpg 300w, https:\/\/cansukdesign.fr\/wp-content\/uploads\/2024\/05\/iPhone-16-Pro-1024x768.jpg 1024w, https:\/\/cansukdesign.fr\/wp-content\/uploads\/2024\/05\/iPhone-16-Pro-768x576.jpg 768w, https:\/\/cansukdesign.fr\/wp-content\/uploads\/2024\/05\/iPhone-16-Pro-1536x1152.jpg 1536w, https:\/\/cansukdesign.fr\/wp-content\/uploads\/2024\/05\/iPhone-16-Pro-2048x1536.jpg 2048w\" sizes=\"(max-width: 2560px) 100vw, 2560px\" \/><\/div>\n\t\t<\/a>\n\t\t\t\t<div class=\"elementor-post__text\">\n\t\t\t\t<h3 class=\"elementor-post__title\">\n\t\t\t<a href=\"https:\/\/cansukdesign.fr\/?p=539\" target=&quot;_blank&quot;>\n\t\t\t\tLabe\t\t\t<\/a>\n\t\t<\/h3>\n\t\t\t\t<div class=\"elementor-post__excerpt\">\n\t\t\t<p>J&rsquo;ai r\u00e9alis\u00e9 la maquette d&rsquo;un site web pour un cabinet m\u00e9dical. Ce projet inclut une interface intuitive et moderne&#8230;<\/p>\n\t\t<\/div>\n\t\t\n\t\t<a class=\"elementor-post__read-more\" href=\"https:\/\/cansukdesign.fr\/?p=539\" aria-label=\"En savoir plus sur Labe\" tabindex=\"-1\" target=\"_blank\">\n\t\t\tD\u00e9couvrir  \t\t<\/a>\n\n\t\t\t\t<\/div>\n\t\t\t\t<\/article>\n\t\t\t\t<article class=\"elementor-post elementor-grid-item post-285 post type-post status-publish format-standard has-post-thumbnail hentry category-blog\" role=\"listitem\">\n\t\t\t\t<a class=\"elementor-post__thumbnail__link\" href=\"https:\/\/cansukdesign.fr\/?p=285\" tabindex=\"-1\" target=&quot;_blank&quot;>\n\t\t\t<div class=\"elementor-post__thumbnail\"><img loading=\"lazy\" decoding=\"async\" width=\"2560\" height=\"1920\" src=\"https:\/\/cansukdesign.fr\/wp-content\/uploads\/2024\/05\/MacBook-01-1-scaled.jpg\" class=\"attachment-full size-full wp-image-1090\" alt=\"\" srcset=\"https:\/\/cansukdesign.fr\/wp-content\/uploads\/2024\/05\/MacBook-01-1-scaled.jpg 2560w, https:\/\/cansukdesign.fr\/wp-content\/uploads\/2024\/05\/MacBook-01-1-300x225.jpg 300w, https:\/\/cansukdesign.fr\/wp-content\/uploads\/2024\/05\/MacBook-01-1-1024x768.jpg 1024w, https:\/\/cansukdesign.fr\/wp-content\/uploads\/2024\/05\/MacBook-01-1-768x576.jpg 768w, https:\/\/cansukdesign.fr\/wp-content\/uploads\/2024\/05\/MacBook-01-1-1536x1152.jpg 1536w, https:\/\/cansukdesign.fr\/wp-content\/uploads\/2024\/05\/MacBook-01-1-2048x1536.jpg 2048w\" sizes=\"(max-width: 2560px) 100vw, 2560px\" \/><\/div>\n\t\t<\/a>\n\t\t\t\t<div class=\"elementor-post__text\">\n\t\t\t\t<h3 class=\"elementor-post__title\">\n\t\t\t<a href=\"https:\/\/cansukdesign.fr\/?p=285\" target=&quot;_blank&quot;>\n\t\t\t\tRanger couverture\t\t\t<\/a>\n\t\t<\/h3>\n\t\t\t\t<div class=\"elementor-post__excerpt\">\n\t\t\t<p>Refonte site web et int\u00e9gration pour Ranger Couverture, une entreprise qui d\u00e9passe les normes traditionnelles de la couverture&#8230;<\/p>\n\t\t<\/div>\n\t\t\n\t\t<a class=\"elementor-post__read-more\" href=\"https:\/\/cansukdesign.fr\/?p=285\" aria-label=\"En savoir plus sur Ranger couverture\" tabindex=\"-1\" target=\"_blank\">\n\t\t\tD\u00e9couvrir  \t\t<\/a>\n\n\t\t\t\t<\/div>\n\t\t\t\t<\/article>\n\t\t\t\t<article class=\"elementor-post elementor-grid-item post-267 post type-post status-publish format-standard has-post-thumbnail hentry category-blog\" role=\"listitem\">\n\t\t\t\t<a class=\"elementor-post__thumbnail__link\" href=\"https:\/\/cansukdesign.fr\/?p=267\" tabindex=\"-1\" target=&quot;_blank&quot;>\n\t\t\t<div class=\"elementor-post__thumbnail\"><img loading=\"lazy\" decoding=\"async\" width=\"2560\" height=\"1920\" src=\"https:\/\/cansukdesign.fr\/wp-content\/uploads\/2024\/05\/MacBook-Air-2022-scaled.jpg\" class=\"attachment-full size-full wp-image-1065\" alt=\"\" srcset=\"https:\/\/cansukdesign.fr\/wp-content\/uploads\/2024\/05\/MacBook-Air-2022-scaled.jpg 2560w, https:\/\/cansukdesign.fr\/wp-content\/uploads\/2024\/05\/MacBook-Air-2022-300x225.jpg 300w, https:\/\/cansukdesign.fr\/wp-content\/uploads\/2024\/05\/MacBook-Air-2022-1024x768.jpg 1024w, https:\/\/cansukdesign.fr\/wp-content\/uploads\/2024\/05\/MacBook-Air-2022-768x576.jpg 768w, https:\/\/cansukdesign.fr\/wp-content\/uploads\/2024\/05\/MacBook-Air-2022-1536x1152.jpg 1536w, https:\/\/cansukdesign.fr\/wp-content\/uploads\/2024\/05\/MacBook-Air-2022-2048x1536.jpg 2048w\" sizes=\"(max-width: 2560px) 100vw, 2560px\" \/><\/div>\n\t\t<\/a>\n\t\t\t\t<div class=\"elementor-post__text\">\n\t\t\t\t<h3 class=\"elementor-post__title\">\n\t\t\t<a href=\"https:\/\/cansukdesign.fr\/?p=267\" target=&quot;_blank&quot;>\n\t\t\t\tCSDA\t\t\t<\/a>\n\t\t<\/h3>\n\t\t\t\t<div class=\"elementor-post__excerpt\">\n\t\t\t<p>Refonte du site et int\u00e9gration en gardant l&rsquo;identit\u00e9 de la charte graphique pour CSDA&#8230;<\/p>\n\t\t<\/div>\n\t\t\n\t\t<a class=\"elementor-post__read-more\" href=\"https:\/\/cansukdesign.fr\/?p=267\" aria-label=\"En savoir plus sur CSDA\" tabindex=\"-1\" target=\"_blank\">\n\t\t\tD\u00e9couvrir  \t\t<\/a>\n\n\t\t\t\t<\/div>\n\t\t\t\t<\/article>\n\t\t\t\t<\/div>\n\t\t\t\t\t<span class=\"e-load-more-spinner\">\n\t\t\t\t<i aria-hidden=\"true\" class=\"fas fa-spinner\"><\/i>\t\t\t<\/span>\n\t\t\n\t\t\t\t<div class=\"e-load-more-anchor\" data-page=\"1\" data-max-page=\"2\" data-next-page=\"https:\/\/cansukdesign.fr\/index.php?rest_route=%2Fwp%2Fv2%2Fpages%2F15&#038;paged=2\"><\/div>\n\t\t\t\t<div class=\"e-load-more-message\"><\/div>\n\t\t\t\t\t\t<\/div>\n\t\t\t\t<\/div>\n\t\t\t\t<\/div>\n\t\t\t\t<\/div>\n\t\t","protected":false},"excerpt":{"rendered":"<p>Maquettes De la vision \u00e0 la navigation<\/p>\n","protected":false},"author":1,"featured_media":0,"parent":0,"menu_order":0,"comment_status":"closed","ping_status":"closed","template":"elementor_header_footer","meta":{"_uag_custom_page_level_css":"","site-sidebar-layout":"no-sidebar","site-content-layout":"","ast-site-content-layout":"full-width-container","site-content-style":"default","site-sidebar-style":"default","ast-global-header-display":"disabled","ast-banner-title-visibility":"disabled","ast-main-header-display":"","ast-hfb-above-header-display":"","ast-hfb-below-header-display":"","ast-hfb-mobile-header-display":"","site-post-title":"disabled","ast-breadcrumbs-content":"","ast-featured-img":"disabled","footer-sml-layout":"disabled","theme-transparent-header-meta":"","adv-header-id-meta":"","stick-header-meta":"","header-above-stick-meta":"","header-main-stick-meta":"","header-below-stick-meta":"","astra-migrate-meta-layouts":"","footnotes":""},"class_list":["post-15","page","type-page","status-publish","hentry"],"uagb_featured_image_src":{"full":false,"thumbnail":false,"medium":false,"medium_large":false,"large":false,"1536x1536":false,"2048x2048":false},"uagb_author_info":{"display_name":"cansukdesign.fr","author_link":"https:\/\/cansukdesign.fr\/?author=1"},"uagb_comment_info":0,"uagb_excerpt":"Maquettes De la vision \u00e0 la navigation","_links":{"self":[{"href":"https:\/\/cansukdesign.fr\/index.php?rest_route=\/wp\/v2\/pages\/15","targetHints":{"allow":["GET"]}}],"collection":[{"href":"https:\/\/cansukdesign.fr\/index.php?rest_route=\/wp\/v2\/pages"}],"about":[{"href":"https:\/\/cansukdesign.fr\/index.php?rest_route=\/wp\/v2\/types\/page"}],"author":[{"embeddable":true,"href":"https:\/\/cansukdesign.fr\/index.php?rest_route=\/wp\/v2\/users\/1"}],"replies":[{"embeddable":true,"href":"https:\/\/cansukdesign.fr\/index.php?rest_route=%2Fwp%2Fv2%2Fcomments&post=15"}],"version-history":[{"count":172,"href":"https:\/\/cansukdesign.fr\/index.php?rest_route=\/wp\/v2\/pages\/15\/revisions"}],"predecessor-version":[{"id":1204,"href":"https:\/\/cansukdesign.fr\/index.php?rest_route=\/wp\/v2\/pages\/15\/revisions\/1204"}],"wp:attachment":[{"href":"https:\/\/cansukdesign.fr\/index.php?rest_route=%2Fwp%2Fv2%2Fmedia&parent=15"}],"curies":[{"name":"wp","href":"https:\/\/api.w.org\/{rel}","templated":true}]}}